{"id":15,"date":"2026-03-19T17:19:42","date_gmt":"2026-03-19T17:19:42","guid":{"rendered":"http:\/\/delconference.chavon.edu.do\/tema-de-2026\/"},"modified":"2026-03-19T19:35:35","modified_gmt":"2026-03-19T19:35:35","slug":"tema-de-2026","status":"publish","type":"page","link":"https:\/\/delconference.chavon.edu.do\/es\/tema-de-2026\/","title":{"rendered":"Tema: Re(Des): Redes Globales"},"content":{"rendered":"<p><strong>11 al 13 de noviembre de 2026<\/strong><br \/>\nChav\u00f3n La Escuela de Dise\u00f1o, Santo Domingo y Altos de Chav\u00f3n, La Romana, Rep\u00fablica Dominicana<\/p>\n<p>La convocatoria abre el <strong>martes 27 de enero de 2026<\/strong> y cierra el <strong>martes 31 de marzo de 2026 a las 23:59<\/strong> (hora local).<\/p>\n<p>Desde 2005, DEL ha sido un encuentro colaborativo e internacional de educadores, investigadores, artistas y dise\u00f1adores que examinan la evoluci\u00f3n de la educaci\u00f3n en arte y dise\u00f1o. La edici\u00f3n 2026 se centra en <strong>Redes Globales<\/strong>, enfatizando c\u00f3mo la educaci\u00f3n en arte y dise\u00f1o trasciende las fronteras f\u00edsicas, culturales y disciplinares.<\/p>\n<h2>Sub-temas<\/h2>\n<h3>1. Re(Pensando) Pedagog\u00edas Sin Fronteras<\/h3>\n<p>Aborda modelos innovadores de ense\u00f1anza que conectan diferentes geograf\u00edas, idiomas y disciplinas a trav\u00e9s de proyectos universitarios colaborativos y enfoques multiling\u00fces.<\/p>\n<h3>2. Re(Imaginando) Comunidad e Identidad<\/h3>\n<p>Aborda contextos locales y regionales, incluyendo proyectos de dise\u00f1o comunitario, accesibilidad, neurodiversidad, enfoques decoloniales y poblaciones vulnerables.<\/p>\n<h3>3. Re(Creando) Materiales y Futuros Artesanales<\/h3>\n<p>Examina las tradiciones artesanales en la educaci\u00f3n de dise\u00f1o contempor\u00e1neo, materiales sostenibles e intersecciones entre la fabricaci\u00f3n digital y las pr\u00e1cticas artesanales.<\/p>\n<h3>4. Re(Conectando) Pr\u00e1cticas Entrelazadas<\/h3>\n<p>Investiga sistemas, archivos y redes para la ense\u00f1anza innovadora, incluyendo pr\u00e1ctica curatorial, sistemas en l\u00ednea, visualizaci\u00f3n de datos e investigaci\u00f3n archiv\u00edstica.<\/p>\n<h3>5. Re(Involucrando) Pedagog\u00edas Digitales<\/h3>\n<p>Se involucra cr\u00edticamente con pedagog\u00edas digitales a trav\u00e9s de IA, aprendizaje autom\u00e1tico, RV\/RA en aulas y colaboraci\u00f3n en red a trav\u00e9s de fronteras.<\/p>","protected":false},"excerpt":{"rendered":"<p>11 al 13 de noviembre de 2026 Chav\u00f3n La Escuela de Dise\u00f1o, Santo Domingo y Altos de Chav\u00f3n, La Romana, Rep\u00fablica Dominicana La convocatoria abre el martes 27 de enero de 2026 y cierra el martes 31 de marzo de 2026 a las 23:59 (hora local). Desde 2005, DEL ha sido un encuentro colaborativo e [&hellip;]<\/p>\n","protected":false},"author":0,"featured_media":0,"parent":0,"menu_order":0,"comment_status":"closed","ping_status":"closed","template":"","meta":{"footnotes":""},"class_list":["post-15","page","type-page","status-publish","hentry"],"_links":{"self":[{"href":"https:\/\/delconference.chavon.edu.do\/es\/wp-json\/wp\/v2\/pages\/15","targetHints":{"allow":["GET"]}}],"collection":[{"href":"https:\/\/delconference.chavon.edu.do\/es\/wp-json\/wp\/v2\/pages"}],"about":[{"href":"https:\/\/delconference.chavon.edu.do\/es\/wp-json\/wp\/v2\/types\/page"}],"replies":[{"embeddable":true,"href":"https:\/\/delconference.chavon.edu.do\/es\/wp-json\/wp\/v2\/comments?post=15"}],"version-history":[{"count":1,"href":"https:\/\/delconference.chavon.edu.do\/es\/wp-json\/wp\/v2\/pages\/15\/revisions"}],"predecessor-version":[{"id":54,"href":"https:\/\/delconference.chavon.edu.do\/es\/wp-json\/wp\/v2\/pages\/15\/revisions\/54"}],"wp:attachment":[{"href":"https:\/\/delconference.chavon.edu.do\/es\/wp-json\/wp\/v2\/media?parent=15"}],"curies":[{"name":"wp","href":"https:\/\/api.w.org\/{rel}","templated":true}]}}