{"id":16,"date":"2026-03-19T17:19:43","date_gmt":"2026-03-19T17:19:43","guid":{"rendered":"http:\/\/delconference.chavon.edu.do\/directrices-para-el-envio-de-propuestas-2026\/"},"modified":"2026-03-19T19:35:35","modified_gmt":"2026-03-19T19:35:35","slug":"directrices-para-el-envio-de-propuestas-2026","status":"publish","type":"page","link":"https:\/\/delconference.chavon.edu.do\/es\/directrices-para-el-envio-de-propuestas-2026\/","title":{"rendered":"Directrices para el env\u00edo de propuestas"},"content":{"rendered":"<p><strong>Formato:<\/strong> Totalmente presencial<br \/>\n<strong>Fechas:<\/strong> 11 al 13 de noviembre de 2026<br \/>\n<strong>Ubicaci\u00f3n:<\/strong> Chav\u00f3n La Escuela de Dise\u00f1o, Rep\u00fablica Dominicana<\/p>\n<p>La convocatoria abre el <strong>martes 27 de enero de 2026<\/strong> y cierra el <strong>martes 31 de marzo de 2026 a las 23:59<\/strong> (hora local).<\/p>\n<h2>Categor\u00edas de Env\u00edo<\/h2>\n<h3>Presentaciones Acad\u00e9micas<\/h3>\n<p><strong>Duraci\u00f3n:<\/strong> 30 minutos (aproximadamente 10 minutos de presentaci\u00f3n, 20 minutos de interacci\u00f3n con el p\u00fablico)<\/p>\n<h3>Estudios de Caso<\/h3>\n<p><strong>Duraci\u00f3n:<\/strong> 30 minutos (aproximadamente 10 minutos de presentaci\u00f3n, 20 minutos de interacci\u00f3n con el p\u00fablico)<\/p>\n<h3>Paneles de Discusi\u00f3n<\/h3>\n<p><strong>Duraci\u00f3n:<\/strong> 60 minutos (m\u00ednimo 20 minutos de presentaci\u00f3n\/conversaci\u00f3n seguidos de preguntas y respuestas)<\/p>\n<p>Requisitos: m\u00ednimo de 3 ponentes presentando en formato dialogado.<\/p>\n<h3>Dise\u00f1a Tu Propia Sesi\u00f3n (DYO)<\/h3>\n<p><strong>Duraci\u00f3n:<\/strong> Recomendado 30 minutos (m\u00ednimo 10 minutos de discusi\u00f3n con el p\u00fablico)<\/p>\n<p>Las sesiones DYO brindan oportunidades para explorar formatos innovadores relacionados con el tema de la conferencia.<\/p>\n<p>Todas las propuestas deben incluir oportunidades planificadas para la discusi\u00f3n.<\/p>\n<p><a href=\"https:\/\/www.delconference.org\/2026\/enviar-solicitud-2026\/\" target=\"_blank\" rel=\"noopener noreferrer\" class=\"del-btn\">Enviar solicitud<\/a><\/p>","protected":false},"excerpt":{"rendered":"<p>Formato: Totalmente presencial Fechas: 11 al 13 de noviembre de 2026 Ubicaci\u00f3n: Chav\u00f3n La Escuela de Dise\u00f1o, Rep\u00fablica Dominicana La convocatoria abre el martes 27 de enero de 2026 y cierra el martes 31 de marzo de 2026 a las 23:59 (hora local). Categor\u00edas de Env\u00edo Presentaciones Acad\u00e9micas Duraci\u00f3n: 30 minutos (aproximadamente 10 minutos de [&hellip;]<\/p>\n","protected":false},"author":0,"featured_media":0,"parent":0,"menu_order":0,"comment_status":"closed","ping_status":"closed","template":"","meta":{"footnotes":""},"class_list":["post-16","page","type-page","status-publish","hentry"],"_links":{"self":[{"href":"https:\/\/delconference.chavon.edu.do\/es\/wp-json\/wp\/v2\/pages\/16","targetHints":{"allow":["GET"]}}],"collection":[{"href":"https:\/\/delconference.chavon.edu.do\/es\/wp-json\/wp\/v2\/pages"}],"about":[{"href":"https:\/\/delconference.chavon.edu.do\/es\/wp-json\/wp\/v2\/types\/page"}],"replies":[{"embeddable":true,"href":"https:\/\/delconference.chavon.edu.do\/es\/wp-json\/wp\/v2\/comments?post=16"}],"version-history":[{"count":1,"href":"https:\/\/delconference.chavon.edu.do\/es\/wp-json\/wp\/v2\/pages\/16\/revisions"}],"predecessor-version":[{"id":55,"href":"https:\/\/delconference.chavon.edu.do\/es\/wp-json\/wp\/v2\/pages\/16\/revisions\/55"}],"wp:attachment":[{"href":"https:\/\/delconference.chavon.edu.do\/es\/wp-json\/wp\/v2\/media?parent=16"}],"curies":[{"name":"wp","href":"https:\/\/api.w.org\/{rel}","templated":true}]}}